{"id":13526,"date":"2025-04-30T13:31:53","date_gmt":"2025-04-30T13:31:53","guid":{"rendered":"https:\/\/styling-lounge-nuernberg.de\/?page_id=13526"},"modified":"2025-12-23T09:26:00","modified_gmt":"2025-12-23T09:26:00","slug":"impressum","status":"publish","type":"page","link":"https:\/\/styling-lounge-nuernberg.de\/index.php\/impressum\/","title":{"rendered":"Impressum"},"content":{"rendered":"<section class=\"ffb-id-8i66n1u0 fg-section fg-el-has-bg fg-text-light\"><span class=\"fg-bg\"><span data-fg-bg=\"{&quot;type&quot;:&quot;color&quot;,&quot;opacity&quot;:1,&quot;color&quot;:&quot;#000000&quot;}\" class=\"fg-bg-layer fg-bg-type-color \" style=\"opacity: 1; background-color: #000000;\"><\/span><span data-fg-bg=\"{&quot;type&quot;:&quot;image&quot;,&quot;opacity&quot;:&quot;0.25&quot;,&quot;url&quot;:&quot;https:\\\/\\\/styling-lounge-nuernberg.de\\\/wp-content\\\/uploads\\\/2025\\\/04\\\/Logo_new_v1_rund-scaled.png&quot;,&quot;size&quot;:&quot;contain&quot;,&quot;repeat&quot;:&quot;no-repeat&quot;,&quot;attachment&quot;:&quot;scroll&quot;,&quot;position&quot;:&quot;center&quot;}\" class=\"fg-bg-layer fg-bg-type-image \" style=\"opacity: 0.25; background-image: url(&quot;https:\/\/styling-lounge-nuernberg.de\/wp-content\/uploads\/2025\/04\/Logo_new_v1_rund-scaled.png&quot;); background-repeat: no-repeat; background-attachment: scroll; background-position: center; background-size: contain;\"><\/span><\/span><div class=\"fg-container container fg-container-large fg-container-lvl--1 \"><div class=\"fg-row row    \" ><div class=\"ffb-id-8i66n1u1 fg-col col-xs-12 col-md-12 fg-text-light\"><div class=\"ffb-id-8i66n1u3 embed-video-external\"><div id='generator_results'>\n<div id='generator_results_content'>\n<h1 style=\"font-family: 'Black Mango', sans-serif; color: #b29146;\">Impressum<\/h1>\n<h2 style=\"font-family: 'Black Mango', sans-serif; color: #b29146;\">Inhaber:<\/h2>\n<p>Friseurmeisterin, Make-up Artist<br \/>Kerstin Opel<br \/>Karl-Grillenberger-Str. 1a<br \/>90402 N\u00fcrnberg<\/p>\n<p>Tel.: +49 176 6096 4434<br \/><a href=\"mailto:info@styling-lounge-nuernberg.de\" \n     style=\"text-decoration: none;\" onmouseover=\"this.style.textDecoration='underline'; this.style.color='#b29146';\" \n     onmouseout=\"this.style.textDecoration='none'; this.style.color='#ffffff';\">Mail: info[at]styling-lounge-nuernberg.de<\/a><br \/>\n<a href=\"https:\/\/www.styling-lounge-nuernberg.de\" \nstyle=\"text-decoration: none;\" onmouseover=\"this.style.textDecoration='underline'; this.style.color='#b29146';\" \n     onmouseout=\"this.style.textDecoration='none'; this.style.color='#ffffff';\">Internet: www.styling-lounge-nuernberg.de<\/a><br \/>\n<h3 style=\"font-family: 'Black Mango', sans-serif; color: #b29146;\">Zust\u00e4ndige Kammer:<\/h3>\n<p>Handwerkskammer f\u00fcr Mittelfranken<br \/>Sulzbacher Stra\u00dfe 11-15<br \/>90489 N\u00fcrnberg<\/p>\n<p>Umsatzsteuer-Identifikationsnummer gem\u00e4\u00df \u00a7 27 a Umsatzsteuergesetz: DE123456789<\/p>\n<h3 style=\"font-family: 'Black Mango', sans-serif; color: #b29146;\">Berufsbezeichnung:<\/h3>\n<p>Friseurmeisterin (verliehen in der Bundesrepublik Deutschland)<\/p>\n<h3 style=\"font-family: 'Black Mango', sans-serif; color: #b29146;\">Berufsrechtliche Regelungen:<\/h3>\n<p>Handwerksordnung<br \/>(Zu finden im Bundesgesetzblatt I, Seite 3074 in der Fassung vom 24. September 1998)<\/p>\n<p>Inhaltlich Verantwortlicher gem\u00e4\u00df \u00a7 55 Absatz 2 RStV: Kerstin Opel (Anschrift wie oben)<\/p>\n<h3 style=\"font-family: 'Black Mango', sans-serif; color: #b29146;\">Haftungshinweis<\/h3>\n<p>Trotz sorgf\u00e4ltiger inhaltlicher Kontrolle \u00fcbernimmt der Betreiber keine Haftung f\u00fcr die Inhalte externer Links. F\u00fcr den Inhalt der verlinkten Seiten sind ausschlie\u00dflich deren Betreiber verantwortlich.<\/p>\n<h3 style=\"font-family: 'Black Mango', sans-serif; color: #b29146;\">Copyright<\/h3>\n<p>Alle Inhalte dieser Internetpr\u00e4senz unterliegen urheberrechtlichen Bestimmungen. Sie d\u00fcrfen weder kopiert noch anderweitig verwendet werden.<\/p>\n<\/div>\n<\/div><\/div><\/div><div class=\"ffb-id-8i66n1u4 fg-col col-xs-12 col-md-12 fg-text-light\"><div class=\"fg-vcenter-wrapper\"><div class=\"fg-vcenter\"><style class=\"ffb-id-8i66n1u6 fg-text-light\">\n  \/* Standard f\u00fcr mobile Ger\u00e4te (Phone und Tablet) *\/\n  .responsive-divider {\n    width: 25%; \/* Die Breite der Divider auf mobilen Ger\u00e4ten *\/\n  }\n\n  .responsive-logo {\n    width: 60px; \/* Oder jede andere Gr\u00f6\u00dfe, die du f\u00fcr mobile Ger\u00e4te willst *\/\n  }\n\n  \/* F\u00fcr Tablets und kleinere Bildschirme *\/\n  @media (max-width: 500px) {\n    .responsive-divider {\n      width: 25%; \/* Breite der Divider auf Tablets *\/\n    }\n  }\n\n  \/* F\u00fcr Desktops und Laptops *\/\n  @media (min-width: 1024px) {\n    .responsive-divider {\n      width: 200px; \/* Breite der Divider auf Desktops und Laptops *\/\n    }\n\n    .responsive-logo {\n      width: 60px; \/* Setze hier deine gew\u00fcnschte Gr\u00f6\u00dfe f\u00fcr Desktops *\/\n    }\n  }\n<\/style>\n\n<p style=\"text-align: center;\">\n  <img decoding=\"async\" src=\"\/wp-content\/uploads\/2025\/04\/divider-scaled.png\" class=\"responsive-divider\" height=\"1\" \/>\n  &nbsp; &nbsp; &nbsp;\n  <img decoding=\"async\" src=\"\/wp-content\/uploads\/2025\/04\/Logo_new_v1_rund.png\" class=\"responsive-logo\" height=\"60\" \/>\n  &nbsp; &nbsp; &nbsp;\n  <img decoding=\"async\" src=\"\/wp-content\/uploads\/2025\/04\/divider-scaled.png\" class=\"responsive-divider\" height=\"1\" \/>\n<\/p>\n<\/div><\/div><\/div><\/div><\/div><\/section><style>.ffb-id-8i66n1u0{ padding-top: 40px;padding-bottom: 40px;}@media (min-width:992px) { .ffb-id-8i66n1u0{ padding-top: 80px;padding-bottom: 80px;}}.ffb-id-8i66n1u4{ padding-top: 80px;padding-bottom: 40px;}.ffb-id-8i66n1u4{ text-align: center !important;}.ffb-id-8i66n1u4 ,.ffb-id-8i66n1u4:before,.ffb-id-8i66n1u4:after,.ffb-id-8i66n1u4:hover,.ffb-id-8i66n1u4:focus,.ffb-id-8i66n1u4 *,.ffb-id-8i66n1u4 *:before,.ffb-id-8i66n1u4 *:after,.ffb-id-8i66n1u4 *:hover,.ffb-id-8i66n1u4 *:focus{ text-align: center !important;}.ffb-id-8i66n1u3 .embed-responsive{ padding-bottom:56.25%;}<\/style><script type=\"text\/javascript\"><\/script>\n","protected":false},"excerpt":{"rendered":"","protected":false},"author":1,"featured_media":0,"parent":0,"menu_order":0,"comment_status":"closed","ping_status":"closed","template":"","meta":{"_acf_changed":false,"footnotes":""},"class_list":["post-13526","page","type-page","status-publish","hentry","post-wrapper"],"acf":[],"_links":{"self":[{"href":"https:\/\/styling-lounge-nuernberg.de\/index.php\/wp-json\/wp\/v2\/pages\/13526","targetHints":{"allow":["GET"]}}],"collection":[{"href":"https:\/\/styling-lounge-nuernberg.de\/index.php\/wp-json\/wp\/v2\/pages"}],"about":[{"href":"https:\/\/styling-lounge-nuernberg.de\/index.php\/wp-json\/wp\/v2\/types\/page"}],"author":[{"embeddable":true,"href":"https:\/\/styling-lounge-nuernberg.de\/index.php\/wp-json\/wp\/v2\/users\/1"}],"replies":[{"embeddable":true,"href":"https:\/\/styling-lounge-nuernberg.de\/index.php\/wp-json\/wp\/v2\/comments?post=13526"}],"version-history":[{"count":10,"href":"https:\/\/styling-lounge-nuernberg.de\/index.php\/wp-json\/wp\/v2\/pages\/13526\/revisions"}],"predecessor-version":[{"id":13544,"href":"https:\/\/styling-lounge-nuernberg.de\/index.php\/wp-json\/wp\/v2\/pages\/13526\/revisions\/13544"}],"wp:attachment":[{"href":"https:\/\/styling-lounge-nuernberg.de\/index.php\/wp-json\/wp\/v2\/media?parent=13526"}],"curies":[{"name":"wp","href":"https:\/\/api.w.org\/{rel}","templated":true}]}}