{"id":2,"date":"2025-04-19T14:19:43","date_gmt":"2025-04-19T14:19:43","guid":{"rendered":"https:\/\/styling-lounge-nuernberg.de\/?page_id=2"},"modified":"2025-04-30T13:13:08","modified_gmt":"2025-04-30T13:13:08","slug":"datenschutz","status":"publish","type":"page","link":"https:\/\/styling-lounge-nuernberg.de\/index.php\/datenschutz\/","title":{"rendered":"Datenschutz"},"content":{"rendered":"<section class=\"ffb-id-8i63vbvn fg-section fg-el-has-bg fg-text-light\"><span class=\"fg-bg\"><span data-fg-bg=\"{&quot;type&quot;:&quot;color&quot;,&quot;opacity&quot;:1,&quot;color&quot;:&quot;#000000&quot;}\" class=\"fg-bg-layer fg-bg-type-color \" style=\"opacity: 1; background-color: #000000;\"><\/span><span data-fg-bg=\"{&quot;type&quot;:&quot;image&quot;,&quot;opacity&quot;:&quot;0.25&quot;,&quot;url&quot;:&quot;https:\\\/\\\/styling-lounge-nuernberg.de\\\/wp-content\\\/uploads\\\/2025\\\/04\\\/Logo_new_v1_rund-scaled.png&quot;,&quot;size&quot;:&quot;contain&quot;,&quot;repeat&quot;:&quot;no-repeat&quot;,&quot;attachment&quot;:&quot;scroll&quot;,&quot;position&quot;:&quot;center&quot;}\" class=\"fg-bg-layer fg-bg-type-image \" style=\"opacity: 0.25; background-image: url(&quot;https:\/\/styling-lounge-nuernberg.de\/wp-content\/uploads\/2025\/04\/Logo_new_v1_rund-scaled.png&quot;); background-repeat: no-repeat; background-attachment: scroll; background-position: center; background-size: contain;\"><\/span><\/span><div class=\"fg-container container fg-container-large fg-container-lvl--1 \"><div class=\"fg-row row    \" ><div class=\"ffb-id-8i63ihes fg-col col-xs-12 col-md-12 fg-text-light\"><div class=\"ffb-id-8i63ime7 embed-video-external\"><div id='generator_results'>\n<div id='generator_results_content'>\n<h1 style=\"font-family: 'Black Mango', sans-serif; color: #b29146;\">Datenschutzhinweise<\/h1>\n<h2 style=\"font-family: 'Black Mango', sans-serif; color: #b29146;\">Verantwortlicher<\/h2>\n<p style=\"font-family: 'Black Mango', sans-serif; color: #b29146;\">Verantwortlicher im Sinne der Datenschutzgesetze, insbesondere der EU-Datenschutz-Grundverordnung (DSGVO), ist:<\/p>\n<p class='generator_user_input'>Kerstin Opel<\/p>\n<h2 style=\"font-family: 'Black Mango', sans-serif; color: #b29146;\">Ihre Betroffenenrechte<\/h2>\n<p>Unter den angegebenen Kontaktdaten k\u00f6nnen Sie gem\u00e4\u00df EU-Datenschutz-Grundverordnung (DSGVO) jederzeit folgende Rechte aus\u00fcben:<\/p>\n<ul>\n<li style=\"color: #ffffff;\">Auskunft \u00fcber Ihre bei uns gespeicherten Daten und deren Verarbeitung (Art. 15 DSGVO),<\/li>\n<li style=\"color: #ffffff;\">Berichtigung unrichtiger personenbezogener Daten (Art. 16 DSGVO),<\/li>\n<li style=\"color: #ffffff;\">L\u00f6schung Ihrer bei uns gespeicherten Daten (Art. 17 DSGVO),<\/li>\n<li style=\"color: #ffffff;\">Einschr\u00e4nkung der Datenverarbeitung, sofern wir Ihre Daten aufgrund gesetzlicher Pflichten noch nicht l\u00f6schen d\u00fcrfen (Art. 18 DSGVO),<\/li>\n<li style=\"color: #ffffff;\">Widerspruch gegen die Verarbeitung Ihrer Daten bei uns (Art. 21 DSGVO) und<\/li>\n<li style=\"color: #ffffff;\">Daten\u00fcbertragbarkeit, sofern Sie in die Datenverarbeitung eingewilligt haben oder einen Vertrag mit uns abgeschlossen haben (Art. 20 DSGVO).<\/li>\n<\/ul>\n<p>Sofern Sie uns eine Einwilligung erteilt haben, k\u00f6nnen Sie diese jederzeit mit Wirkung f\u00fcr die Zukunft widerrufen.<\/p>\n<p>Sie k\u00f6nnen sich jederzeit mit einer Beschwerde an eine Aufsichtsbeh\u00f6rde wenden, z. B. an die zust\u00e4ndige Aufsichtsbeh\u00f6rde des Bundeslands Ihres Wohnsitzes oder an die f\u00fcr uns als verantwortliche Stelle zust\u00e4ndige Beh\u00f6rde.<\/p>\n<p>Eine Liste der Aufsichtsbeh\u00f6rden (f\u00fcr den nicht\u00f6ffentlichen Bereich) mit Anschrift finden Sie unter: <a href=\"https:\/\/www.bfdi.bund.de\/DE\/Infothek\/Anschriften_Links\/anschriften_links-node.html\">https:\/\/www.bfdi.bund.de\/DE\/Infothek\/Anschriften_Links\/anschriften_links-node.html<\/a>.<\/p>\n<h2 style=\"font-family: 'Black Mango', sans-serif; color: #b29146;\">Verarbeitungst\u00e4tigkeiten<\/h2>\n<h3 style=\"font-family: 'Black Mango', sans-serif; color: #b29146;\">Erfassung allgemeiner Informationen beim Besuch unserer Website<\/h3>\n<h4 style=\"font-family: 'Black Mango', sans-serif; color: #b29146;\">Art und Zweck der Verarbeitung<\/h4>\n<p>Wenn Sie auf unsere Website zugreifen, d.h., wenn Sie sich nicht registrieren oder anderweitig Informationen \u00fcbermitteln, werden automatisch Informationen allgemeiner Natur erfasst. Diese Informationen (Server-Logfiles) beinhalten etwa die Art des Webbrowsers, das verwendete Betriebssystem, den Domainnamen Ihres Internet-Service-Providers, Ihre IP-Adresse und \u00e4hnliches.<\/p>\n<p>Sie werden insbesondere zu folgenden Zwecken verarbeitet:<\/p>\n<ul>\n<li style=\"color: #ffffff;\">zur technisch fehlerfreien Darstellung und Optimierung der Website<\/li>\n<\/ul>\n<p>Wir verwenden Ihre Daten nicht, um R\u00fcckschl\u00fcsse auf Ihre Person zu ziehen. Allerdings behalten wir uns vor, die Server-Logfiles nachtr\u00e4glich zu \u00fcberpr\u00fcfen, sollten konkrete Anhaltspunkte auf eine rechtswidrige Nutzung hinweisen.<\/p>\n<h4 style=\"font-family: 'Black Mango', sans-serif; color: #b29146;\">Rechtsgrundlage und berechtigtes Interesse<\/h4>\n<p>Die Verarbeitung erfolgt gem\u00e4\u00df Art. 6 Abs. 1 lit. f DSGVO auf Basis unseres berechtigten Interesses an der Verbesserung der Stabilit\u00e4t und Funktionalit\u00e4t unserer Website sowie der Sicherstellung der Systemsicherheit und Missbrauchserkennung.<\/p>\n<h4 style=\"font-family: 'Black Mango', sans-serif; color: #b29146;\">Empf\u00e4nger<\/h4>\n<p>Empf\u00e4nger der Daten sind ggf. technische Dienstleister, die f\u00fcr den Betrieb und die Wartung unserer Webseite als Auftragsverarbeiter t\u00e4tig werden.<\/p>\n<h4 style=\"font-family: 'Black Mango', sans-serif; color: #b29146;\">Speicherdauer<\/h4>\n<p>Daten werden in Server-Log-Dateien in einer Form, die die Identifizierung der betroffenen Personen erm\u00f6glicht, maximal f\u00fcr [Bitte Informationen erg\u00e4nzen] gespeichert; es sei denn, dass ein sicherheitsrelevantes Ereignis auftritt (z.B. ein DDoS-Angriff).<\/p>\n<p>Im Falle eines solchen Ereignisses werden Server-Log-Dateien bis zur Beseitigung und vollst\u00e4ndigen Aufkl\u00e4rung des sicherheitsrelevanten Ereignisses gespeichert.<\/p>\n<h4 style=\"font-family: 'Black Mango', sans-serif; color: #b29146;\">Bereitstellung vorgeschrieben oder erforderlich<\/h4>\n<p>Die Bereitstellung der vorgenannten personenbezogenen Daten ist weder gesetzlich noch vertraglich vorgeschrieben. Ohne die IP-Adresse ist jedoch der Dienst und die Funktionsf\u00e4higkeit unserer Website nicht gew\u00e4hrleistet. Zudem k\u00f6nnen einzelne Dienste und Services nicht verf\u00fcgbar oder eingeschr\u00e4nkt sein.<\/p>\n<h4 style=\"font-family: 'Black Mango', sans-serif; color: #b29146;\">Widerspruch<\/h4>\n<p>Lesen Sie dazu die Informationen \u00fcber Ihr Widerspruchsrecht nach Art. 21 DSGVO weiter unten.<\/p>\n<h3 style=\"font-family: 'Black Mango', sans-serif; color: #b29146;\">Kontaktaufnahme<\/h3>\n<p>Art und Zweck der Verarbeitung<\/p>\n<p>Auf unserer Website ist ein Kontaktformular vorhanden, welches f\u00fcr die elektronische Kontaktaufnahme genutzt werden kann. Nimmt ein Nutzer diese M\u00f6glichkeit wahr, so werden die in der Eingabemaske eingegeben Daten an uns \u00fcbermittelt und gespeichert.<\/p>\n<p>Eine Kontaktaufnahme ist \u00fcber die bereitgestellten E-Mail-Adressen m\u00f6glich. In diesem Fall werden die mit der E-Mail \u00fcbermittelten personenbezogenen Daten des Nutzers gespeichert. Hierzu z\u00e4hlen Datum und Uhrzeit des E-Mailversands, E-Mailadresse, IP-Adressen sowie Informationen zu den an der E-Mail-Kommunikation beteiligten Servern.<\/p>\n<p>Sie k\u00f6nnen Sie \u00fcber die bereitgestellten Telefonnummern Kontakt zu uns aufnehmen. Hierbei erheben wir Protokolldaten, die Ihre Telefonnummer und die Dauer des Gespr\u00e4chs beinhalten.<\/p>\n<p>Unabh\u00e4ngig von der gew\u00e4hlten Kommunikationsart erheben wir den Inhalt Ihrer Anfrage. Ihre Daten werden zum Zweck der individuellen Kommunikation mit Ihnen gespeichert.<\/p>\n<h4 style=\"font-family: 'Black Mango', sans-serif; color: #b29146;\">Rechtsgrundlage<\/h4>\n<p>Die Verarbeitung der Daten erfolgt auf der Grundlage eines berechtigten Interesses (Art. 6 Abs. 1 lit. f DSGVO).<\/p>\n<p>Unser berechtigtes Interesse an der Verarbeitung Ihrer Daten ist die Erm\u00f6glichung einer unkomplizierten Kontaktaufnahme.<\/p>\n<p>Sofern Sie mit uns Kontakt aufnehmen, um ein Angebot zu erfragen, erfolgt die Verarbeitung der Daten zur Durchf\u00fchrung vorvertraglicher Ma\u00dfnahmen (Art. 6 Abs. 1 lit. b DSGVO).<\/p>\n<h4 style=\"font-family: 'Black Mango', sans-serif; color: #b29146;\">Empf\u00e4nger<\/h4>\n<p>Empf\u00e4nger der Daten sind ggf. technische Dienstleister, die f\u00fcr den Betrieb und die Wartung unserer Webseite als Auftragsverarbeiter t\u00e4tig werden.<\/p>\n<h4 style=\"font-family: 'Black Mango', sans-serif; color: #b29146;\">Speicherdauer<\/h4>\n<p>Daten werden sp\u00e4testens sechs Monate nach Bearbeitung der Kontaktaufnahme gel\u00f6scht.<\/p>\n<p>Sofern es zu einem Vertragsverh\u00e4ltnis kommt, unterliegen wir den gesetzlichen Aufbewahrungsfristen. Diese betragen grunds\u00e4tzlich 6 oder 10 Jahre aus Gr\u00fcnden der ordnungsm\u00e4\u00dfigen Buchf\u00fchrung und steuerrechtlichen Anforderungen.<\/p>\n<h4 style=\"font-family: 'Black Mango', sans-serif; color: #b29146;\">Bereitstellung vorgeschrieben oder erforderlich<\/h4>\n<p>Die Bereitstellung Ihrer personenbezogenen Daten erfolgt freiwillig. Wir k\u00f6nnen Ihre Anfrage jedoch nur bearbeiten, sofern Sie uns die erforderlichen Daten und den Grund der Anfrage mitteilen.<\/p>\n<h4 style=\"font-family: 'Black Mango', sans-serif; color: #b29146;\">Widerspruch<\/h4>\n<p>Lesen Sie dazu die Informationen \u00fcber Ihr Widerspruchsrecht nach Art. 21 DSGVO weiter unten.<\/p>\n<h3 style=\"font-family: 'Black Mango', sans-serif; color: #b29146;\"><a name=\"_Toc129168157\"><\/a>Erbringung kostenpflichtiger Leistungen<\/h3>\n<h4 style=\"font-family: 'Black Mango', sans-serif; color: #b29146;\"><a name=\"_Toc129168158\"><\/a>Art und Zweck der Verarbeitung<\/h4>\n<p>Wir verarbeiten die von Ihnen im Rahmen der Bestellung angegebenen Daten zur Durchf\u00fchrung bzw. Abwicklung Ihrer Bestellung. Hierzu z\u00e4hlen auch die R\u00fccksendung bzw. der Umtausch und die Reklamation von Artikeln.<\/p>\n<p>Ihre personenbezogenen Daten werden nur in dem Umfang verwendet, der f\u00fcr die Bearbeitung dieser Bestellung und die Lieferung der angeforderten Produkte und Dienstleistungen erforderlich ist.<\/p>\n<h4 style=\"font-family: 'Black Mango', sans-serif; color: #b29146;\">Rechtsgrundlage<\/h4>\n<p>Die Verarbeitung der Daten, die f\u00fcr den Abschluss des Vertrages erforderlich ist, basiert auf Art. 6 Abs. 1 lit. b DSGVO.<\/p>\n<h4 style=\"font-family: 'Black Mango', sans-serif; color: #b29146;\">Empf\u00e4nger<\/h4>\n<p>Empf\u00e4nger der Daten sind ggf. technische Dienstleister, die f\u00fcr den Betrieb und die Wartung unserer Website als Auftragsverarbeiter t\u00e4tig werden.<\/p>\n<p>Zur Vertragserf\u00fcllung geben wir Ihren Namen und Ihre Adresse an das mit der Lieferung beauftragte Versandunternehmen weiter, soweit dies zur Lieferung bestellter Waren erforderlich ist.<\/p>\n<p>Je nachdem, welchen Zahlungsdienstleister Sie im Bestellprozess ausw\u00e4hlen, geben wir zur Abwicklung von Zahlungen die hierf\u00fcr erhobenen Zahlungsdaten an das mit der Zahlung beauftragte Kreditinstitut und ggf. von uns beauftragte Zahlungsdienstleister weiter.<\/p>\n<h4 style=\"font-family: 'Black Mango', sans-serif; color: #b29146;\">Speicherdauer<\/h4>\n<p>Wir speichern diese Daten in unseren Systemen, bis die gesetzlichen Aufbewahrungsfristen abgelaufen sind. Diese betragen grunds\u00e4tzlich 6 oder 10 Jahre aus Gr\u00fcnden der ordnungsm\u00e4\u00dfigen Buchf\u00fchrung und steuerrechtlichen Anforderungen.<\/p>\n<h4 style=\"font-family: 'Black Mango', sans-serif; color: #b29146;\">Bereitstellung vorgeschrieben oder erforderlich<\/h4>\n<p>Die Bereitstellung Ihrer personenbezogenen Daten ist vertraglich erforderlich. Ohne die Bereitstellung Ihrer personenbezogenen Daten k\u00f6nnen wir die Bestellung nicht ausf\u00fchren.<\/p>\n<h2 style=\"font-family: 'Black Mango', sans-serif; color: #b29146;\">Information \u00fcber Ihr Widerspruchsrecht nach Art. 21 DSGVO<\/h2>\n<h3 style=\"font-family: 'Black Mango', sans-serif; color: #b29146;\">Einzelfallbezogenes Widerspruchsrecht<\/h3>\n<p>Sie haben das Recht, aus Gr\u00fcnden, die sich aus Ihrer besonderen Situation ergeben, jederzeit gegen die Verarbeitung Sie betreffender personenbezogener Daten, die aufgrund Art. 6 Abs. 1 lit. f DSGVO (Datenverarbeitung auf der Grundlage einer Interessenabw\u00e4gung) erfolgt, Widerspruch einzulegen; dies gilt auch f\u00fcr ein auf diese Bestimmung gest\u00fctztes Profiling im Sinne von Art. 4 Nr. 4 DSGVO.<\/p>\n<p>Legen Sie Widerspruch ein, werden wir Ihre personenbezogenen Daten nicht mehr verarbeiten, es sei denn, wir k\u00f6nnen zwingende schutzw\u00fcrdige Gr\u00fcnde f\u00fcr die Verarbeitung nachweisen, die Ihre Interessen, Rechte und Freiheiten \u00fcberwiegen, oder die Verarbeitung dient der Geltendmachung, Aus\u00fcbung oder Verteidigung von Rechtsanspr\u00fcchen.<\/p>\n<h3 style=\"font-family: 'Black Mango', sans-serif; color: #b29146;\">Empf\u00e4nger eines Widerspruchs<\/h3>\n<p class='generator_user_input'>Hans Muster<\/p>\n<h2 style=\"font-family: 'Black Mango', sans-serif; color: #b29146;\">\u00c4nderung unserer Datenschutzerkl\u00e4rung<\/h2>\n<p>Wir behalten uns vor, diese Datenschutzerkl\u00e4rung anzupassen, damit sie stets den aktuellen rechtlichen Anforderungen entspricht oder um \u00c4nderungen unserer Leistungen in der Datenschutzerkl\u00e4rung umzusetzen, z.B. bei der Einf\u00fchrung neuer Services. F\u00fcr Ihren erneuten Besuch gilt dann die neue Datenschutzerkl\u00e4rung.<\/p>\n<h2 style=\"font-family: 'Black Mango', sans-serif; color: #b29146;\">Fragen zum Datenschutz<\/h2>\n<p>Wenn Sie Fragen zum Datenschutz haben, schreiben Sie uns bitte eine E-Mail an den oben genannten Verantwortlichen.<\/p>\n<h2 style=\"font-family: 'Black Mango', sans-serif; color: #b29146;\">Urheberrechtliche Hinweise<\/h2>\n<p><em>Diese Datenschutzerkl\u00e4rung wurde mit Hilfe der activeMind AG erstellt \u2013 den Experten f\u00fcr <a href=\"https:\/\/www.activemind.de\/datenschutz\/datenschutzbeauftragter\/\" target=\"_blank\" rel=\"noopener dofollow\">externe Datenschutzbeauftragte<\/a> (Version #2024-10-25).<\/em><\/p>\n<\/div>\n<\/div><\/div><\/div><div class=\"ffb-id-8i658aea fg-col col-xs-12 col-md-12 fg-text-light\"><div class=\"fg-vcenter-wrapper\"><div class=\"fg-vcenter\"><style class=\"ffb-id-8i658aeb fg-text-light\">\n  \/* Standard f\u00fcr mobile Ger\u00e4te (Phone und Tablet) *\/\n  .responsive-divider {\n    width: 25%; \/* Die Breite der Divider auf mobilen Ger\u00e4ten *\/\n  }\n\n  .responsive-logo {\n    width: 60px; \/* Oder jede andere Gr\u00f6\u00dfe, die du f\u00fcr mobile Ger\u00e4te willst *\/\n  }\n\n  \/* F\u00fcr Tablets und kleinere Bildschirme *\/\n  @media (max-width: 500px) {\n    .responsive-divider {\n      width: 25%; \/* Breite der Divider auf Tablets *\/\n    }\n  }\n\n  \/* F\u00fcr Desktops und Laptops *\/\n  @media (min-width: 1024px) {\n    .responsive-divider {\n      width: 200px; \/* Breite der Divider auf Desktops und Laptops *\/\n    }\n\n    .responsive-logo {\n      width: 60px; \/* Setze hier deine gew\u00fcnschte Gr\u00f6\u00dfe f\u00fcr Desktops *\/\n    }\n  }\n<\/style>\n\n<p style=\"text-align: center;\">\n  <img decoding=\"async\" src=\"\/wp-content\/uploads\/2025\/04\/divider-scaled.png\" class=\"responsive-divider\" height=\"1\" \/>\n  &nbsp; &nbsp; &nbsp;\n  <img decoding=\"async\" src=\"\/wp-content\/uploads\/2025\/04\/Logo_new_v1_rund.png\" class=\"responsive-logo\" height=\"60\" \/>\n  &nbsp; &nbsp; &nbsp;\n  <img decoding=\"async\" src=\"\/wp-content\/uploads\/2025\/04\/divider-scaled.png\" class=\"responsive-divider\" height=\"1\" \/>\n<\/p>\n<\/div><\/div><\/div><\/div><\/div><\/section><style>.ffb-id-8i63vbvn{ padding-top: 40px;padding-bottom: 40px;}@media (min-width:992px) { .ffb-id-8i63vbvn{ padding-top: 80px;padding-bottom: 80px;}}.ffb-id-8i658aea{ padding-top: 80px;padding-bottom: 40px;}.ffb-id-8i658aea{ text-align: center !important;}.ffb-id-8i658aea ,.ffb-id-8i658aea:before,.ffb-id-8i658aea:after,.ffb-id-8i658aea:hover,.ffb-id-8i658aea:focus,.ffb-id-8i658aea *,.ffb-id-8i658aea *:before,.ffb-id-8i658aea *:after,.ffb-id-8i658aea *:hover,.ffb-id-8i658aea *:focus{ text-align: center !important;}.ffb-id-8i63ime7 .embed-responsive{ padding-bottom:56.25%;}<\/style><script type=\"text\/javascript\"><\/script>\n","protected":false},"excerpt":{"rendered":"","protected":false},"author":1,"featured_media":0,"parent":0,"menu_order":0,"comment_status":"closed","ping_status":"open","template":"","meta":{"_acf_changed":false,"footnotes":""},"class_list":["post-2","page","type-page","status-publish","hentry","post-wrapper"],"acf":[],"_links":{"self":[{"href":"https:\/\/styling-lounge-nuernberg.de\/index.php\/wp-json\/wp\/v2\/pages\/2","targetHints":{"allow":["GET"]}}],"collection":[{"href":"https:\/\/styling-lounge-nuernberg.de\/index.php\/wp-json\/wp\/v2\/pages"}],"about":[{"href":"https:\/\/styling-lounge-nuernberg.de\/index.php\/wp-json\/wp\/v2\/types\/page"}],"author":[{"embeddable":true,"href":"https:\/\/styling-lounge-nuernberg.de\/index.php\/wp-json\/wp\/v2\/users\/1"}],"replies":[{"embeddable":true,"href":"https:\/\/styling-lounge-nuernberg.de\/index.php\/wp-json\/wp\/v2\/comments?post=2"}],"version-history":[{"count":10,"href":"https:\/\/styling-lounge-nuernberg.de\/index.php\/wp-json\/wp\/v2\/pages\/2\/revisions"}],"predecessor-version":[{"id":13524,"href":"https:\/\/styling-lounge-nuernberg.de\/index.php\/wp-json\/wp\/v2\/pages\/2\/revisions\/13524"}],"wp:attachment":[{"href":"https:\/\/styling-lounge-nuernberg.de\/index.php\/wp-json\/wp\/v2\/media?parent=2"}],"curies":[{"name":"wp","href":"https:\/\/api.w.org\/{rel}","templated":true}]}}